{"id":1754,"date":"2025-10-16T19:29:14","date_gmt":"2025-10-16T22:29:14","guid":{"rendered":"https:\/\/templatetrafegods.com\/loja\/?post_type=product&#038;p=1754"},"modified":"2025-10-16T19:29:42","modified_gmt":"2025-10-16T22:29:42","slug":"bolsa-tiracolo-caramelo-com-alca-estampada","status":"publish","type":"product","link":"https:\/\/templatetrafegods.com\/loja\/produto\/bolsa-tiracolo-caramelo-com-alca-estampada\/","title":{"rendered":"Bolsa Tiracolo Caramelo com Al\u00e7a Estampada"},"content":{"rendered":"<p data-start=\"867\" data-end=\"1158\"><strong data-start=\"867\" data-end=\"881\">Descri\u00e7\u00e3o:<\/strong><br data-start=\"881\" data-end=\"884\" \/>A bolsa tiracolo caramelo \u00e9 o acess\u00f3rio curinga para o dia a dia. Compacta, mas espa\u00e7osa o suficiente para o essencial, ela possui uma al\u00e7a larga com estampa geom\u00e9trica que adiciona charme e autenticidade ao look. Perfeita para acompanhar produ\u00e7\u00f5es casuais e sofisticadas.<\/p>\n<p data-start=\"1160\" data-end=\"1182\"><strong data-start=\"1160\" data-end=\"1180\">Caracter\u00edsticas:<\/strong><\/p>\n<ul data-start=\"1183\" data-end=\"1337\">\n<li data-start=\"1183\" data-end=\"1200\">\n<p data-start=\"1185\" data-end=\"1200\">Cor: Caramelo<\/p>\n<\/li>\n<li data-start=\"1201\" data-end=\"1248\">\n<p data-start=\"1203\" data-end=\"1248\">Material: Couro sint\u00e9tico de alta qualidade<\/p>\n<\/li>\n<li data-start=\"1249\" data-end=\"1278\">\n<p data-start=\"1251\" data-end=\"1278\">Fechamento: Im\u00e3 magn\u00e9tico<\/p>\n<\/li>\n<li data-start=\"1279\" data-end=\"1318\">\n<p data-start=\"1281\" data-end=\"1318\">Al\u00e7a: Larga e ajust\u00e1vel com estampa<\/p>\n<\/li>\n<li data-start=\"1319\" data-end=\"1337\">\n<p data-start=\"1321\" data-end=\"1337\">Tamanho: M\u00e9dio<\/p>\n<\/li>\n<\/ul>\n","protected":false},"excerpt":{"rendered":"<p>A bolsa tiracolo caramelo \u00e9 o acess\u00f3rio curinga para o dia a dia. Compacta, mas espa\u00e7osa o suficiente para o essencial, ela possui uma al\u00e7a larga com estampa geom\u00e9trica que adiciona charme e autenticidade ao look. Perfeita para acompanhar produ\u00e7\u00f5es casuais e sofisticadas.<\/p>\n","protected":false},"featured_media":1755,"comment_status":"open","ping_status":"closed","template":"","meta":[],"product_brand":[],"product_cat":[104],"product_tag":[],"class_list":{"0":"post-1754","1":"product","2":"type-product","3":"status-publish","4":"has-post-thumbnail","6":"product_cat-bolsas","8":"first","9":"instock","10":"sale","11":"shipping-taxable","12":"purchasable","13":"product-type-simple"},"_links":{"self":[{"href":"https:\/\/templatetrafegods.com\/loja\/wp-json\/wp\/v2\/product\/1754","targetHints":{"allow":["GET"]}}],"collection":[{"href":"https:\/\/templatetrafegods.com\/loja\/wp-json\/wp\/v2\/product"}],"about":[{"href":"https:\/\/templatetrafegods.com\/loja\/wp-json\/wp\/v2\/types\/product"}],"replies":[{"embeddable":true,"href":"https:\/\/templatetrafegods.com\/loja\/wp-json\/wp\/v2\/comments?post=1754"}],"wp:featuredmedia":[{"embeddable":true,"href":"https:\/\/templatetrafegods.com\/loja\/wp-json\/wp\/v2\/media\/1755"}],"wp:attachment":[{"href":"https:\/\/templatetrafegods.com\/loja\/wp-json\/wp\/v2\/media?parent=1754"}],"wp:term":[{"taxonomy":"product_brand","embeddable":true,"href":"https:\/\/templatetrafegods.com\/loja\/wp-json\/wp\/v2\/product_brand?post=1754"},{"taxonomy":"product_cat","embeddable":true,"href":"https:\/\/templatetrafegods.com\/loja\/wp-json\/wp\/v2\/product_cat?post=1754"},{"taxonomy":"product_tag","embeddable":true,"href":"https:\/\/templatetrafegods.com\/loja\/wp-json\/wp\/v2\/product_tag?post=1754"}],"curies":[{"name":"wp","href":"https:\/\/api.w.org\/{rel}","templated":true}]}}