{"id":1756,"date":"2025-10-16T19:31:36","date_gmt":"2025-10-16T22:31:36","guid":{"rendered":"https:\/\/templatetrafegods.com\/loja\/?post_type=product&#038;p=1756"},"modified":"2025-10-16T19:44:57","modified_gmt":"2025-10-16T22:44:57","slug":"rasteira-dourada-metalizada","status":"publish","type":"product","link":"https:\/\/templatetrafegods.com\/loja\/produto\/rasteira-dourada-metalizada\/","title":{"rendered":"Rasteira Dourada Metalizada"},"content":{"rendered":"<p data-start=\"1382\" data-end=\"1601\"><strong data-start=\"1382\" data-end=\"1396\">Descri\u00e7\u00e3o:<\/strong><br data-start=\"1396\" data-end=\"1399\" \/>A rasteira dourada metalizada \u00e9 sin\u00f4nimo de conforto e eleg\u00e2ncia em um s\u00f3 produto. Com design minimalista e acabamento brilhante, ela \u00e9 perfeita para o ver\u00e3o e combina com looks leves e descontra\u00eddos.<\/p>\n<p data-start=\"1603\" data-end=\"1625\"><strong data-start=\"1603\" data-end=\"1623\">Caracter\u00edsticas:<\/strong><\/p>\n<ul data-start=\"1626\" data-end=\"1734\">\n<li data-start=\"1626\" data-end=\"1653\">\n<p data-start=\"1628\" data-end=\"1653\">Cor: Dourado metalizado<\/p>\n<\/li>\n<li data-start=\"1654\" data-end=\"1675\">\n<p data-start=\"1656\" data-end=\"1675\">Solado: Anat\u00f4mico<\/p>\n<\/li>\n<li data-start=\"1676\" data-end=\"1711\">\n<p data-start=\"1678\" data-end=\"1711\">Material: Sint\u00e9tico texturizado<\/p>\n<\/li>\n<li data-start=\"1712\" data-end=\"1734\">\n<p data-start=\"1714\" data-end=\"1734\">Estilo: Slide flat<\/p>\n<\/li>\n<\/ul>\n<p>tamanhos: Do 35 ao 40<\/p>\n","protected":false},"excerpt":{"rendered":"<p>Descri\u00e7\u00e3o:A rasteira dourada metalizada \u00e9 sin\u00f4nimo de conforto e eleg\u00e2ncia em um s\u00f3 produto. Com design minimalista e acabamento brilhante, ela \u00e9 perfeita para o ver\u00e3o e combina com looks leves e descontra\u00eddos. Caracter\u00edsticas: Cor: Dourado metalizado Solado: Anat\u00f4mico Material: Sint\u00e9tico texturizado Estilo: Slide flat tamanhos: Do 35 ao 40<\/p>\n","protected":false},"featured_media":1784,"comment_status":"open","ping_status":"closed","template":"","meta":[],"product_brand":[],"product_cat":[109],"product_tag":[],"class_list":{"0":"post-1756","1":"product","2":"type-product","3":"status-publish","4":"has-post-thumbnail","6":"product_cat-rasteirinhas","8":"first","9":"instock","10":"shipping-taxable","11":"purchasable","12":"product-type-variable"},"_links":{"self":[{"href":"https:\/\/templatetrafegods.com\/loja\/wp-json\/wp\/v2\/product\/1756","targetHints":{"allow":["GET"]}}],"collection":[{"href":"https:\/\/templatetrafegods.com\/loja\/wp-json\/wp\/v2\/product"}],"about":[{"href":"https:\/\/templatetrafegods.com\/loja\/wp-json\/wp\/v2\/types\/product"}],"replies":[{"embeddable":true,"href":"https:\/\/templatetrafegods.com\/loja\/wp-json\/wp\/v2\/comments?post=1756"}],"wp:featuredmedia":[{"embeddable":true,"href":"https:\/\/templatetrafegods.com\/loja\/wp-json\/wp\/v2\/media\/1784"}],"wp:attachment":[{"href":"https:\/\/templatetrafegods.com\/loja\/wp-json\/wp\/v2\/media?parent=1756"}],"wp:term":[{"taxonomy":"product_brand","embeddable":true,"href":"https:\/\/templatetrafegods.com\/loja\/wp-json\/wp\/v2\/product_brand?post=1756"},{"taxonomy":"product_cat","embeddable":true,"href":"https:\/\/templatetrafegods.com\/loja\/wp-json\/wp\/v2\/product_cat?post=1756"},{"taxonomy":"product_tag","embeddable":true,"href":"https:\/\/templatetrafegods.com\/loja\/wp-json\/wp\/v2\/product_tag?post=1756"}],"curies":[{"name":"wp","href":"https:\/\/api.w.org\/{rel}","templated":true}]}}