{"id":1767,"date":"2025-10-16T19:35:31","date_gmt":"2025-10-16T22:35:31","guid":{"rendered":"https:\/\/templatetrafegods.com\/loja\/?post_type=product&#038;p=1767"},"modified":"2025-10-16T19:41:39","modified_gmt":"2025-10-16T22:41:39","slug":"scarpin-vermelho-classico-em-camurca","status":"publish","type":"product","link":"https:\/\/templatetrafegods.com\/loja\/produto\/scarpin-vermelho-classico-em-camurca\/","title":{"rendered":"Scarpin Vermelho Cl\u00e1ssico em Camur\u00e7a"},"content":{"rendered":"<p data-start=\"1788\" data-end=\"2011\"><strong data-start=\"1788\" data-end=\"1802\">Descri\u00e7\u00e3o:<\/strong><br data-start=\"1802\" data-end=\"1805\" \/>O scarpin vermelho \u00e9 aquele toque de ousadia que transforma qualquer produ\u00e7\u00e3o. Com salto alto e acabamento aveludado, \u00e9 perfeito para quem quer unir eleg\u00e2ncia e atitude \u2014 do escrit\u00f3rio ao jantar especial.<\/p>\n<p data-start=\"2013\" data-end=\"2035\"><strong data-start=\"2013\" data-end=\"2033\">Caracter\u00edsticas:<\/strong><\/p>\n<ul data-start=\"2036\" data-end=\"2144\">\n<li data-start=\"2036\" data-end=\"2053\">\n<p data-start=\"2038\" data-end=\"2053\">Cor: Vermelho<\/p>\n<\/li>\n<li data-start=\"2054\" data-end=\"2085\">\n<p data-start=\"2056\" data-end=\"2085\">Material: Camur\u00e7a sint\u00e9tica<\/p>\n<\/li>\n<li data-start=\"2086\" data-end=\"2109\">\n<p data-start=\"2088\" data-end=\"2109\">Salto: Fino (10 cm)<\/p>\n<\/li>\n<li data-start=\"2110\" data-end=\"2144\">\n<p data-start=\"2112\" data-end=\"2144\">Estilo: Cl\u00e1ssico e sofisticado<\/p>\n<\/li>\n<\/ul>\n","protected":false},"excerpt":{"rendered":"<p>Descri\u00e7\u00e3o:O scarpin vermelho \u00e9 aquele toque de ousadia que transforma qualquer produ\u00e7\u00e3o. Com salto alto e acabamento aveludado, \u00e9 perfeito para quem quer unir eleg\u00e2ncia e atitude \u2014 do escrit\u00f3rio ao jantar especial. Caracter\u00edsticas: Cor: Vermelho Material: Camur\u00e7a sint\u00e9tica Salto: Fino (10 cm) Estilo: Cl\u00e1ssico e sofisticado<\/p>\n","protected":false},"featured_media":1776,"comment_status":"open","ping_status":"closed","template":"","meta":[],"product_brand":[],"product_cat":[15,112,121],"product_tag":[],"class_list":{"0":"post-1767","1":"product","2":"type-product","3":"status-publish","4":"has-post-thumbnail","6":"product_cat-sapatos-femininos","7":"product_cat-salto-fino","8":"product_cat-scarpin","10":"first","11":"instock","12":"sale","13":"shipping-taxable","14":"purchasable","15":"product-type-variable"},"_links":{"self":[{"href":"https:\/\/templatetrafegods.com\/loja\/wp-json\/wp\/v2\/product\/1767","targetHints":{"allow":["GET"]}}],"collection":[{"href":"https:\/\/templatetrafegods.com\/loja\/wp-json\/wp\/v2\/product"}],"about":[{"href":"https:\/\/templatetrafegods.com\/loja\/wp-json\/wp\/v2\/types\/product"}],"replies":[{"embeddable":true,"href":"https:\/\/templatetrafegods.com\/loja\/wp-json\/wp\/v2\/comments?post=1767"}],"wp:featuredmedia":[{"embeddable":true,"href":"https:\/\/templatetrafegods.com\/loja\/wp-json\/wp\/v2\/media\/1776"}],"wp:attachment":[{"href":"https:\/\/templatetrafegods.com\/loja\/wp-json\/wp\/v2\/media?parent=1767"}],"wp:term":[{"taxonomy":"product_brand","embeddable":true,"href":"https:\/\/templatetrafegods.com\/loja\/wp-json\/wp\/v2\/product_brand?post=1767"},{"taxonomy":"product_cat","embeddable":true,"href":"https:\/\/templatetrafegods.com\/loja\/wp-json\/wp\/v2\/product_cat?post=1767"},{"taxonomy":"product_tag","embeddable":true,"href":"https:\/\/templatetrafegods.com\/loja\/wp-json\/wp\/v2\/product_tag?post=1767"}],"curies":[{"name":"wp","href":"https:\/\/api.w.org\/{rel}","templated":true}]}}