{"id":1777,"date":"2025-10-16T19:44:20","date_gmt":"2025-10-16T22:44:20","guid":{"rendered":"https:\/\/templatetrafegods.com\/loja\/?post_type=product&#038;p=1777"},"modified":"2025-10-16T19:44:20","modified_gmt":"2025-10-16T22:44:20","slug":"rasteira-dourada-com-tiras-cruzadas","status":"publish","type":"product","link":"https:\/\/templatetrafegods.com\/loja\/produto\/rasteira-dourada-com-tiras-cruzadas\/","title":{"rendered":"Rasteira Dourada com Tiras Cruzadas"},"content":{"rendered":"<p data-start=\"2197\" data-end=\"2413\"><strong data-start=\"2197\" data-end=\"2211\">Descri\u00e7\u00e3o:<\/strong><br data-start=\"2211\" data-end=\"2214\" \/>Delicada e moderna, essa rasteira dourada com tiras cruzadas \u00e9 ideal para dias quentes e produ\u00e7\u00f5es elegantes sem salto. O acabamento metalizado d\u00e1 um toque de brilho, perfeito para o dia e a noite.<\/p>\n<p data-start=\"2415\" data-end=\"2437\"><strong data-start=\"2415\" data-end=\"2435\">Caracter\u00edsticas:<\/strong><\/p>\n<ul data-start=\"2438\" data-end=\"2548\">\n<li data-start=\"2438\" data-end=\"2465\">\n<p data-start=\"2440\" data-end=\"2465\">Cor: Dourado metalizado<\/p>\n<\/li>\n<li data-start=\"2466\" data-end=\"2489\">\n<p data-start=\"2468\" data-end=\"2489\">Material: Sint\u00e9tico<\/p>\n<\/li>\n<li data-start=\"2490\" data-end=\"2516\">\n<p data-start=\"2492\" data-end=\"2516\">Estilo: Tiras cruzadas<\/p>\n<\/li>\n<li data-start=\"2517\" data-end=\"2548\">\n<p data-start=\"2519\" data-end=\"2548\">Solado: Baixo e confort\u00e1vel<\/p>\n<\/li>\n<\/ul>\n","protected":false},"excerpt":{"rendered":"<p>Descri\u00e7\u00e3o:Delicada e moderna, essa rasteira dourada com tiras cruzadas \u00e9 ideal para dias quentes e produ\u00e7\u00f5es elegantes sem salto. O acabamento metalizado d\u00e1 um toque de brilho, perfeito para o dia e a noite. Caracter\u00edsticas: Cor: Dourado metalizado Material: Sint\u00e9tico Estilo: Tiras cruzadas Solado: Baixo e confort\u00e1vel<\/p>\n","protected":false},"featured_media":1764,"comment_status":"open","ping_status":"closed","template":"","meta":[],"product_brand":[],"product_cat":[109],"product_tag":[],"class_list":{"0":"post-1777","1":"product","2":"type-product","3":"status-publish","4":"has-post-thumbnail","6":"product_cat-rasteirinhas","8":"first","9":"instock","10":"sale","11":"shipping-taxable","12":"purchasable","13":"product-type-variable"},"_links":{"self":[{"href":"https:\/\/templatetrafegods.com\/loja\/wp-json\/wp\/v2\/product\/1777","targetHints":{"allow":["GET"]}}],"collection":[{"href":"https:\/\/templatetrafegods.com\/loja\/wp-json\/wp\/v2\/product"}],"about":[{"href":"https:\/\/templatetrafegods.com\/loja\/wp-json\/wp\/v2\/types\/product"}],"replies":[{"embeddable":true,"href":"https:\/\/templatetrafegods.com\/loja\/wp-json\/wp\/v2\/comments?post=1777"}],"wp:featuredmedia":[{"embeddable":true,"href":"https:\/\/templatetrafegods.com\/loja\/wp-json\/wp\/v2\/media\/1764"}],"wp:attachment":[{"href":"https:\/\/templatetrafegods.com\/loja\/wp-json\/wp\/v2\/media?parent=1777"}],"wp:term":[{"taxonomy":"product_brand","embeddable":true,"href":"https:\/\/templatetrafegods.com\/loja\/wp-json\/wp\/v2\/product_brand?post=1777"},{"taxonomy":"product_cat","embeddable":true,"href":"https:\/\/templatetrafegods.com\/loja\/wp-json\/wp\/v2\/product_cat?post=1777"},{"taxonomy":"product_tag","embeddable":true,"href":"https:\/\/templatetrafegods.com\/loja\/wp-json\/wp\/v2\/product_tag?post=1777"}],"curies":[{"name":"wp","href":"https:\/\/api.w.org\/{rel}","templated":true}]}}