{"id":1785,"date":"2025-10-16T19:48:30","date_gmt":"2025-10-16T22:48:30","guid":{"rendered":"https:\/\/templatetrafegods.com\/loja\/?post_type=product&#038;p=1785"},"modified":"2025-10-16T19:49:20","modified_gmt":"2025-10-16T22:49:20","slug":"carteira-nude-com-laco-frontal","status":"publish","type":"product","link":"https:\/\/templatetrafegods.com\/loja\/produto\/carteira-nude-com-laco-frontal\/","title":{"rendered":"Carteira Nude com La\u00e7o Frontal"},"content":{"rendered":"<p data-start=\"2596\" data-end=\"2785\"><strong data-start=\"2596\" data-end=\"2610\">Descri\u00e7\u00e3o:<\/strong><br data-start=\"2610\" data-end=\"2613\" \/>A carteira nude com la\u00e7o \u00e9 pura delicadeza. Compacta e charmosa, combina com qualquer bolsa e ocasi\u00e3o. Ideal para mulheres que valorizam um visual feminino e sofisticado.<\/p>\n<p data-start=\"2787\" data-end=\"2809\"><strong data-start=\"2787\" data-end=\"2807\">Caracter\u00edsticas:<\/strong><\/p>\n<ul data-start=\"2810\" data-end=\"2927\">\n<li data-start=\"2810\" data-end=\"2830\">\n<p data-start=\"2812\" data-end=\"2830\">Cor: Nude rosado<\/p>\n<\/li>\n<li data-start=\"2831\" data-end=\"2867\">\n<p data-start=\"2833\" data-end=\"2867\">Detalhe: La\u00e7o decorativo frontal<\/p>\n<\/li>\n<li data-start=\"2868\" data-end=\"2897\">\n<p data-start=\"2870\" data-end=\"2897\">Material: Sint\u00e9tico macio<\/p>\n<\/li>\n<li data-start=\"2898\" data-end=\"2927\">\n<p data-start=\"2900\" data-end=\"2927\">Fechamento: Z\u00edper e bot\u00e3o<\/p>\n<\/li>\n<\/ul>\n","protected":false},"excerpt":{"rendered":"<p>A carteira nude com la\u00e7o \u00e9 pura delicadeza. Compacta e charmosa, combina com qualquer bolsa e ocasi\u00e3o. Ideal para mulheres que valorizam um visual feminino e sofisticado.<\/p>\n","protected":false},"featured_media":1786,"comment_status":"open","ping_status":"closed","template":"","meta":[],"product_brand":[],"product_cat":[104,108],"product_tag":[],"class_list":{"0":"post-1785","1":"product","2":"type-product","3":"status-publish","4":"has-post-thumbnail","6":"product_cat-bolsas","7":"product_cat-carteiras","9":"first","10":"instock","11":"sale","12":"shipping-taxable","13":"purchasable","14":"product-type-simple"},"_links":{"self":[{"href":"https:\/\/templatetrafegods.com\/loja\/wp-json\/wp\/v2\/product\/1785","targetHints":{"allow":["GET"]}}],"collection":[{"href":"https:\/\/templatetrafegods.com\/loja\/wp-json\/wp\/v2\/product"}],"about":[{"href":"https:\/\/templatetrafegods.com\/loja\/wp-json\/wp\/v2\/types\/product"}],"replies":[{"embeddable":true,"href":"https:\/\/templatetrafegods.com\/loja\/wp-json\/wp\/v2\/comments?post=1785"}],"wp:featuredmedia":[{"embeddable":true,"href":"https:\/\/templatetrafegods.com\/loja\/wp-json\/wp\/v2\/media\/1786"}],"wp:attachment":[{"href":"https:\/\/templatetrafegods.com\/loja\/wp-json\/wp\/v2\/media?parent=1785"}],"wp:term":[{"taxonomy":"product_brand","embeddable":true,"href":"https:\/\/templatetrafegods.com\/loja\/wp-json\/wp\/v2\/product_brand?post=1785"},{"taxonomy":"product_cat","embeddable":true,"href":"https:\/\/templatetrafegods.com\/loja\/wp-json\/wp\/v2\/product_cat?post=1785"},{"taxonomy":"product_tag","embeddable":true,"href":"https:\/\/templatetrafegods.com\/loja\/wp-json\/wp\/v2\/product_tag?post=1785"}],"curies":[{"name":"wp","href":"https:\/\/api.w.org\/{rel}","templated":true}]}}