{"id":1790,"date":"2025-10-16T19:50:47","date_gmt":"2025-10-16T22:50:47","guid":{"rendered":"https:\/\/templatetrafegods.com\/loja\/?post_type=product&#038;p=1790"},"modified":"2025-10-20T16:48:52","modified_gmt":"2025-10-20T19:48:52","slug":"carteira-rosa-com-estampa-ilustrada","status":"publish","type":"product","link":"https:\/\/templatetrafegods.com\/loja\/produto\/carteira-rosa-com-estampa-ilustrada\/","title":{"rendered":"Carteira Rosa com Estampa Ilustrada"},"content":{"rendered":"<p data-start=\"2980\" data-end=\"3157\"><strong data-start=\"2980\" data-end=\"2994\">Descri\u00e7\u00e3o:<\/strong><br data-start=\"2994\" data-end=\"2997\" \/>Estilo e personalidade se unem nessa carteira rosa com ilustra\u00e7\u00e3o exclusiva. Compacta e pr\u00e1tica, \u00e9 perfeita para quem gosta de acess\u00f3rios \u00fanicos e divertidos.<\/p>\n<p data-start=\"3159\" data-end=\"3181\"><strong data-start=\"3159\" data-end=\"3179\">Caracter\u00edsticas:<\/strong><\/p>\n<ul data-start=\"3182\" data-end=\"3316\">\n<li data-start=\"3182\" data-end=\"3200\">\n<p data-start=\"3184\" data-end=\"3200\">Cor: Rosa beb\u00ea<\/p>\n<\/li>\n<li data-start=\"3201\" data-end=\"3247\">\n<p data-start=\"3203\" data-end=\"3247\">Detalhe: Estampa ilustrada e bot\u00e3o frontal<\/p>\n<\/li>\n<li data-start=\"3248\" data-end=\"3283\">\n<p data-start=\"3250\" data-end=\"3283\">Material: Sint\u00e9tico texturizado<\/p>\n<\/li>\n<li data-start=\"3284\" data-end=\"3316\">\n<p data-start=\"3286\" data-end=\"3316\">Fechamento: Bot\u00e3o de press\u00e3o<\/p>\n<\/li>\n<\/ul>\n","protected":false},"excerpt":{"rendered":"<p>Estilo e personalidade se unem nessa carteira rosa com ilustra\u00e7\u00e3o exclusiva. Compacta e pr\u00e1tica, \u00e9 perfeita para quem gosta de acess\u00f3rios \u00fanicos e divertidos.<\/p>\n","protected":false},"featured_media":2098,"comment_status":"open","ping_status":"closed","template":"","meta":[],"product_brand":[],"product_cat":[104,108],"product_tag":[],"class_list":{"0":"post-1790","1":"product","2":"type-product","3":"status-publish","4":"has-post-thumbnail","6":"product_cat-bolsas","7":"product_cat-carteiras","9":"first","10":"instock","11":"sale","12":"shipping-taxable","13":"purchasable","14":"product-type-simple"},"_links":{"self":[{"href":"https:\/\/templatetrafegods.com\/loja\/wp-json\/wp\/v2\/product\/1790","targetHints":{"allow":["GET"]}}],"collection":[{"href":"https:\/\/templatetrafegods.com\/loja\/wp-json\/wp\/v2\/product"}],"about":[{"href":"https:\/\/templatetrafegods.com\/loja\/wp-json\/wp\/v2\/types\/product"}],"replies":[{"embeddable":true,"href":"https:\/\/templatetrafegods.com\/loja\/wp-json\/wp\/v2\/comments?post=1790"}],"wp:featuredmedia":[{"embeddable":true,"href":"https:\/\/templatetrafegods.com\/loja\/wp-json\/wp\/v2\/media\/2098"}],"wp:attachment":[{"href":"https:\/\/templatetrafegods.com\/loja\/wp-json\/wp\/v2\/media?parent=1790"}],"wp:term":[{"taxonomy":"product_brand","embeddable":true,"href":"https:\/\/templatetrafegods.com\/loja\/wp-json\/wp\/v2\/product_brand?post=1790"},{"taxonomy":"product_cat","embeddable":true,"href":"https:\/\/templatetrafegods.com\/loja\/wp-json\/wp\/v2\/product_cat?post=1790"},{"taxonomy":"product_tag","embeddable":true,"href":"https:\/\/templatetrafegods.com\/loja\/wp-json\/wp\/v2\/product_tag?post=1790"}],"curies":[{"name":"wp","href":"https:\/\/api.w.org\/{rel}","templated":true}]}}