{"id":1801,"date":"2025-10-16T20:00:25","date_gmt":"2025-10-16T23:00:25","guid":{"rendered":"https:\/\/templatetrafegods.com\/loja\/?post_type=product&#038;p=1801"},"modified":"2025-10-16T20:01:14","modified_gmt":"2025-10-16T23:01:14","slug":"bolsa-estruturada-preta-classica","status":"publish","type":"product","link":"https:\/\/templatetrafegods.com\/loja\/produto\/bolsa-estruturada-preta-classica\/","title":{"rendered":"Bolsa Estruturada Preta Cl\u00e1ssica"},"content":{"rendered":"<p data-start=\"234\" data-end=\"498\"><strong data-start=\"234\" data-end=\"248\">Descri\u00e7\u00e3o:<\/strong><br data-start=\"248\" data-end=\"251\" \/>Elegante, vers\u00e1til e atemporal. A bolsa estruturada preta \u00e9 aquele acess\u00f3rio indispens\u00e1vel para o dia a dia moderno. Seu design minimalista e sofisticado combina perfeitamente com looks formais e casuais, garantindo praticidade com muito estilo.<\/p>\n<p data-start=\"500\" data-end=\"522\"><strong data-start=\"500\" data-end=\"520\">Caracter\u00edsticas:<\/strong><\/p>\n<ul data-start=\"523\" data-end=\"690\">\n<li data-start=\"523\" data-end=\"537\">\n<p data-start=\"525\" data-end=\"537\">Cor: Preto<\/p>\n<\/li>\n<li data-start=\"538\" data-end=\"585\">\n<p data-start=\"540\" data-end=\"585\">Material: Couro sint\u00e9tico de alta qualidade<\/p>\n<\/li>\n<li data-start=\"586\" data-end=\"616\">\n<p data-start=\"588\" data-end=\"616\">Fechamento: Z\u00edper superior<\/p>\n<\/li>\n<li data-start=\"617\" data-end=\"657\">\n<p data-start=\"619\" data-end=\"657\">Al\u00e7as: Duplas e al\u00e7a longa remov\u00edvel<\/p>\n<\/li>\n<li data-start=\"658\" data-end=\"690\">\n<p data-start=\"660\" data-end=\"690\">Estilo: Estruturado cl\u00e1ssico<\/p>\n<\/li>\n<\/ul>\n","protected":false},"excerpt":{"rendered":"<p>Elegante, vers\u00e1til e atemporal. A bolsa estruturada preta \u00e9 aquele acess\u00f3rio indispens\u00e1vel para o dia a dia moderno. Seu design minimalista e sofisticado combina perfeitamente com looks formais e casuais, garantindo praticidade com muito estilo.<\/p>\n","protected":false},"featured_media":1803,"comment_status":"open","ping_status":"closed","template":"","meta":[],"product_brand":[],"product_cat":[104],"product_tag":[],"class_list":{"0":"post-1801","1":"product","2":"type-product","3":"status-publish","4":"has-post-thumbnail","6":"product_cat-bolsas","8":"first","9":"instock","10":"sale","11":"shipping-taxable","12":"purchasable","13":"product-type-simple"},"_links":{"self":[{"href":"https:\/\/templatetrafegods.com\/loja\/wp-json\/wp\/v2\/product\/1801","targetHints":{"allow":["GET"]}}],"collection":[{"href":"https:\/\/templatetrafegods.com\/loja\/wp-json\/wp\/v2\/product"}],"about":[{"href":"https:\/\/templatetrafegods.com\/loja\/wp-json\/wp\/v2\/types\/product"}],"replies":[{"embeddable":true,"href":"https:\/\/templatetrafegods.com\/loja\/wp-json\/wp\/v2\/comments?post=1801"}],"wp:featuredmedia":[{"embeddable":true,"href":"https:\/\/templatetrafegods.com\/loja\/wp-json\/wp\/v2\/media\/1803"}],"wp:attachment":[{"href":"https:\/\/templatetrafegods.com\/loja\/wp-json\/wp\/v2\/media?parent=1801"}],"wp:term":[{"taxonomy":"product_brand","embeddable":true,"href":"https:\/\/templatetrafegods.com\/loja\/wp-json\/wp\/v2\/product_brand?post=1801"},{"taxonomy":"product_cat","embeddable":true,"href":"https:\/\/templatetrafegods.com\/loja\/wp-json\/wp\/v2\/product_cat?post=1801"},{"taxonomy":"product_tag","embeddable":true,"href":"https:\/\/templatetrafegods.com\/loja\/wp-json\/wp\/v2\/product_tag?post=1801"}],"curies":[{"name":"wp","href":"https:\/\/api.w.org\/{rel}","templated":true}]}}