{"id":1821,"date":"2025-10-16T20:31:51","date_gmt":"2025-10-16T23:31:51","guid":{"rendered":"https:\/\/templatetrafegods.com\/loja\/?post_type=product&#038;p=1821"},"modified":"2025-10-28T10:48:40","modified_gmt":"2025-10-28T13:48:40","slug":"bota-over-the-knee-bege-areia","status":"publish","type":"product","link":"https:\/\/templatetrafegods.com\/loja\/produto\/bota-over-the-knee-bege-areia\/","title":{"rendered":"Ankle Boot Preta de Camur\u00e7a"},"content":{"rendered":"<p>A Ankle Boot Preta de Camur\u00e7a \u00e9 aquela pe\u00e7a curinga que nunca sai de moda. Com salto fino e acabamento aveludado, ela \u00e9 perfeita para o dia a dia ou para a noite. Combine com jeans, vestidos ou looks mais casuais para um toque de eleg\u00e2ncia instant\u00e2neo.<br data-start=\"924\" data-end=\"927\" \/><strong data-start=\"927\" data-end=\"952\">Tamanhos dispon\u00edveis:<\/strong> 35 ao 40<\/p>\n","protected":false},"excerpt":{"rendered":"<p>A Ankle Boot Preta de Camur\u00e7a \u00e9 aquela pe\u00e7a curinga que nunca sai de moda. Com salto fino e acabamento aveludado, ela \u00e9 perfeita para o dia a dia ou para a noite. Combine com jeans, vestidos ou looks mais casuais para um toque de eleg\u00e2ncia instant\u00e2neo.Tamanhos dispon\u00edveis: 35 ao 40<\/p>\n","protected":false},"featured_media":1829,"comment_status":"open","ping_status":"closed","template":"","meta":[],"product_brand":[],"product_cat":[106,105],"product_tag":[],"class_list":{"0":"post-1821","1":"product","2":"type-product","3":"status-publish","4":"has-post-thumbnail","6":"product_cat-bota-cano-alto","7":"product_cat-botas","9":"first","10":"instock","11":"sale","12":"shipping-taxable","13":"purchasable","14":"product-type-variable"},"_links":{"self":[{"href":"https:\/\/templatetrafegods.com\/loja\/wp-json\/wp\/v2\/product\/1821","targetHints":{"allow":["GET"]}}],"collection":[{"href":"https:\/\/templatetrafegods.com\/loja\/wp-json\/wp\/v2\/product"}],"about":[{"href":"https:\/\/templatetrafegods.com\/loja\/wp-json\/wp\/v2\/types\/product"}],"replies":[{"embeddable":true,"href":"https:\/\/templatetrafegods.com\/loja\/wp-json\/wp\/v2\/comments?post=1821"}],"wp:featuredmedia":[{"embeddable":true,"href":"https:\/\/templatetrafegods.com\/loja\/wp-json\/wp\/v2\/media\/1829"}],"wp:attachment":[{"href":"https:\/\/templatetrafegods.com\/loja\/wp-json\/wp\/v2\/media?parent=1821"}],"wp:term":[{"taxonomy":"product_brand","embeddable":true,"href":"https:\/\/templatetrafegods.com\/loja\/wp-json\/wp\/v2\/product_brand?post=1821"},{"taxonomy":"product_cat","embeddable":true,"href":"https:\/\/templatetrafegods.com\/loja\/wp-json\/wp\/v2\/product_cat?post=1821"},{"taxonomy":"product_tag","embeddable":true,"href":"https:\/\/templatetrafegods.com\/loja\/wp-json\/wp\/v2\/product_tag?post=1821"}],"curies":[{"name":"wp","href":"https:\/\/api.w.org\/{rel}","templated":true}]}}